{"id":213,"date":"2024-10-08T12:07:36","date_gmt":"2024-10-08T10:07:36","guid":{"rendered":"http:\/\/faistoncinema.fr\/?page_id=213"},"modified":"2024-10-08T12:20:14","modified_gmt":"2024-10-08T10:20:14","slug":"ateliers-proposes","status":"publish","type":"page","link":"https:\/\/faistoncinema.fr\/index.php\/ateliers-proposes\/","title":{"rendered":"Interventions propos\u00e9es"},"content":{"rendered":"\n<p><a href=\"http:\/\/faistoncinema.fr\/index.php\/atelier-precinema-jeux-doptique\/\" data-type=\"page\" data-id=\"166\">Pr\u00e9cin\u00e9ma &amp; Jeux d&#8217;optique<\/a><\/p>\n\n\n\n<p><a href=\"http:\/\/faistoncinema.fr\/index.php\/ateliers-cinema-danimation\/\" data-type=\"page\" data-id=\"178\">Cin\u00e9ma d&#8217;animation<\/a><\/p>\n\n\n\n<p><a href=\"http:\/\/faistoncinema.fr\/index.php\/mash-up-box\/\" data-type=\"page\" data-id=\"187\">MashUp Box<\/a><\/p>\n\n\n\n<p><\/p>\n","protected":false},"excerpt":{"rendered":"<p>Pr\u00e9cin\u00e9ma &amp; Jeux d&#8217;optique Cin\u00e9ma d&#8217;animation MashUp Box<\/p>\n","protected":false},"author":1,"featured_media":0,"parent":0,"menu_order":0,"comment_status":"closed","ping_status":"closed","template":"","meta":{"footnotes":""},"class_list":["post-213","page","type-page","status-publish","hentry","entry"],"_links":{"self":[{"href":"https:\/\/faistoncinema.fr\/index.php\/wp-json\/wp\/v2\/pages\/213","targetHints":{"allow":["GET"]}}],"collection":[{"href":"https:\/\/faistoncinema.fr\/index.php\/wp-json\/wp\/v2\/pages"}],"about":[{"href":"https:\/\/faistoncinema.fr\/index.php\/wp-json\/wp\/v2\/types\/page"}],"author":[{"embeddable":true,"href":"https:\/\/faistoncinema.fr\/index.php\/wp-json\/wp\/v2\/users\/1"}],"replies":[{"embeddable":true,"href":"https:\/\/faistoncinema.fr\/index.php\/wp-json\/wp\/v2\/comments?post=213"}],"version-history":[{"count":2,"href":"https:\/\/faistoncinema.fr\/index.php\/wp-json\/wp\/v2\/pages\/213\/revisions"}],"predecessor-version":[{"id":226,"href":"https:\/\/faistoncinema.fr\/index.php\/wp-json\/wp\/v2\/pages\/213\/revisions\/226"}],"wp:attachment":[{"href":"https:\/\/faistoncinema.fr\/index.php\/wp-json\/wp\/v2\/media?parent=213"}],"curies":[{"name":"wp","href":"https:\/\/api.w.org\/{rel}","templated":true}]}}